{"id":588,"date":"2016-04-06T14:37:23","date_gmt":"2016-04-06T14:37:23","guid":{"rendered":"http:\/\/demo.themewinter.com\/wp\/saifway\/?page_id=7"},"modified":"2022-04-12T12:27:53","modified_gmt":"2022-04-12T15:27:53","slug":"home","status":"publish","type":"page","link":"https:\/\/asebroker.com.ar\/","title":{"rendered":"Inicio"},"content":{"rendered":"<p>[vc_row full_width=\u00bbstretch_row_content_no_spaces\u00bb css=\u00bb.vc_custom_1462599146697{background-position: center !important;background-repeat: no-repeat !important;background-size: cover !important;}\u00bb][vc_column][rev_slider_vc alias=\u00bbmain-slider\u00bb][vc_empty_space height=\u00bb28px\u00bb el_class=\u00bbdown-arrow-transparent\u00bb][\/vc_column][\/vc_row][vc_row css=\u00bb.vc_custom_1462600031100{padding-top: 20px !important;padding-bottom: 70px !important;}\u00bb][vc_column width=\u00bb2\/3&#8243; css=\u00bb.vc_custom_1462597051244{padding-right: 15px !important;}\u00bb]<div class=\"action-shortcode \" style=\"text-align:left;\"><h2 class=\"style-title\" style=\"margin-top:0;font-weight:500;font-size:12px;line-height: normal;margin-bottom:10px;letter-spacing:1px;\">Conozca nuestra organizaci\u00f3n<\/h2><h3 class=\"style-sub-title\" style=\"margin-top:0;font-weight:700;font-size:28px;line-height: normal;margin-bottom:15px;\">Somos una Organizaci\u00f3n de seguros<\/h3><p class=\"style-intro-text\" style=\"font-size:14px;margin:10;\">Somos una organizaci\u00f3n de seguros nacido en Argentina con 15 a\u00f1os de experiencia en el mercado y mas de 10000 clientes y 54 productores que conf\u00edan en nosotros. Contamos con 10 oficinas, brindando asesoramiento personalizado protegi\u00e9ndote a vos y a tus bienes.<\/p><\/div>[vc_row_inner css=\u00bb.vc_custom_1461252511689{padding-top: 40px !important;}\u00bb][vc_column_inner width=\u00bb1\/3&#8243;]<div class=\"thw-features \"><div class=\"thw-features layout-top\" style=\"text-align:center;\"><div class=\"thw-icon thw-hover-effect\" style=\"display:inline-block;\"><i class=\"fa fa-bar-chart\" data-hover-color=\"#ffffff\" data-hover-bg-color=\"#1bbc9b\" data-hover-border-color=\"rgba(0,0,0,0.3)\" style=\"font-size:40px;color:#ffffff;background-color:#1bbc9b;width:100px;height:100px;line-height:95px;border-width:5px;border-color:rgba(0,0,0,0.01);border-radius:100px;border-style:solid;\"><\/i><\/div><div class=\"thw-feature-content\"><h3 class=\"feature-title\" style=\"font-weight:700;font-size:20px;line-height: normal;margin:40px 0 10px 0;\">15 a\u00f1os de experiencia<\/h3><div class=\"feature-intro-text\" style=\"\">Trabajando para brindarle la mejor atenci\u00f3n<\/div><\/div><\/div><\/div>[\/vc_column_inner][vc_column_inner width=\u00bb1\/3&#8243;]<div class=\"thw-features \"><div class=\"thw-features layout-top\" style=\"text-align:center;\"><div class=\"thw-icon thw-hover-effect\" style=\"display:inline-block;\"><i class=\"fa fa-building\" data-hover-color=\"#ffffff\" data-hover-bg-color=\"#1bbc9b\" data-hover-border-color=\"rgba(0,0,0,0.3)\" style=\"font-size:40px;color:#ffffff;background-color:#1bbc9b;width:100px;height:100px;line-height:95px;border-width:5px;border-color:rgba(0,0,0,0.01);border-radius:100px;border-style:solid;\"><\/i><\/div><div class=\"thw-feature-content\"><h3 class=\"feature-title\" style=\"font-weight:700;font-size:20px;line-height: normal;margin:40px 0 10px 0;\">Comprometidos con la regi\u00f3n<\/h3><div class=\"feature-intro-text\" style=\"\">Con oficinas en Tandil y la zona asegurando una atenci\u00f3n personalizada<\/div><\/div><\/div><\/div>[\/vc_column_inner][vc_column_inner width=\u00bb1\/3&#8243;]<div class=\"thw-features \"><div class=\"thw-features layout-top\" style=\"text-align:center;\"><div class=\"thw-icon thw-hover-effect\" style=\"display:inline-block;\"><i class=\"fa fa-users\" data-hover-color=\"#ffffff\" data-hover-bg-color=\"#1bbc9b\" data-hover-border-color=\"rgba(0,0,0,0.3)\" style=\"font-size:40px;color:#ffffff;background-color:#1bbc9b;width:100px;height:100px;line-height:95px;border-width:5px;border-color:rgba(0,0,0,0.01);border-radius:100px;border-style:solid;\"><\/i><\/div><div class=\"thw-feature-content\"><h3 class=\"feature-title\" style=\"font-weight:700;font-size:20px;line-height: normal;margin:40px 0 10px 0;\">Friendly Staff<\/h3><div class=\"feature-intro-text\" style=\"\">Nuestros productores est\u00e1n preparados para brindarle la mejor atenci\u00f3n<\/div><\/div><\/div><\/div>[\/vc_column_inner][\/vc_row_inner][\/vc_column][vc_column width=\u00bb1\/3&#8243;]<div class=\"thw-title-shortcode \" style=\"text-align:left;\"><h2 class=\"style-title\" style=\"font-size:28px;margin:0 0 20px 0;\">Solicite una cita<\/h2><\/div><div class=\"wpforms-container wpforms-container-full\" id=\"wpforms-916\"><form id=\"wpforms-form-916\" class=\"wpforms-validate wpforms-form wpforms-ajax-form\" data-formid=\"916\" method=\"post\" enctype=\"multipart\/form-data\" action=\"\/index.php?rest_route=%2Fwp%2Fv2%2Fpages%2F588\" data-token=\"c32e794702773535d3db51adf8595328\" data-token-time=\"1776424416\"><noscript class=\"wpforms-error-noscript\">Por favor, activa JavaScript en tu navegador para completar este formulario.<\/noscript><div class=\"wpforms-field-container\"><div id=\"wpforms-916-field_0-container\" class=\"wpforms-field wpforms-field-name\" data-field-id=\"0\"><label class=\"wpforms-field-label\" for=\"wpforms-916-field_0\">Nombre y apellido <span class=\"wpforms-required-label\">*<\/span><\/label><input type=\"text\" id=\"wpforms-916-field_0\" class=\"wpforms-field-medium wpforms-field-required\" name=\"wpforms[fields][0]\" required><\/div><div id=\"wpforms-916-field_1-container\" class=\"wpforms-field wpforms-field-email\" data-field-id=\"1\"><label class=\"wpforms-field-label\" for=\"wpforms-916-field_1\">Email <span class=\"wpforms-required-label\">*<\/span><\/label><input type=\"email\" id=\"wpforms-916-field_1\" class=\"wpforms-field-medium wpforms-field-required\" name=\"wpforms[fields][1]\" spellcheck=\"false\" required><\/div><div id=\"wpforms-916-field_2-container\" class=\"wpforms-field wpforms-field-textarea\" data-field-id=\"2\"><label class=\"wpforms-field-label\" for=\"wpforms-916-field_2\">Mensaje <span class=\"wpforms-required-label\">*<\/span><\/label><textarea id=\"wpforms-916-field_2\" class=\"wpforms-field-medium wpforms-field-required\" name=\"wpforms[fields][2]\" required><\/textarea><\/div><\/div><!-- .wpforms-field-container --><div class=\"wpforms-submit-container\" ><input type=\"hidden\" name=\"wpforms[id]\" value=\"916\"><input type=\"hidden\" name=\"page_title\" value=\"\"><input type=\"hidden\" name=\"page_url\" value=\"https:\/\/asebroker.com.ar\/index.php?rest_route=\/wp\/v2\/pages\/588\"><input type=\"hidden\" name=\"url_referer\" value=\"\"><button type=\"submit\" name=\"wpforms[submit]\" id=\"wpforms-submit-916\" class=\"wpforms-submit\" data-alt-text=\"Enviando...\" data-submit-text=\"Enviar\" aria-live=\"assertive\" value=\"wpforms-submit\">Enviar<\/button><img decoding=\"async\" src=\"https:\/\/asebroker.com.ar\/wp-content\/plugins\/wpforms-lite\/assets\/images\/submit-spin.svg\" class=\"wpforms-submit-spinner\" style=\"display: none;\" width=\"26\" height=\"26\" alt=\"Cargando\"><\/div><\/form><\/div>  <!-- .wpforms-container -->[\/vc_column][vc_column][\/vc_column][\/vc_row][vc_row full_width=\u00bbstretch_row_content_no_spaces\u00bb css=\u00bb.vc_custom_1462599146697{background-position: center !important;background-repeat: no-repeat !important;background-size: cover !important;}\u00bb][vc_column][rev_slider_vc alias=\u00bbedificio\u00bb][\/vc_column][\/vc_row][vc_row full_width=\u00bbstretch_row\u00bb css=\u00bb.vc_custom_1599895102121{padding-top: 70px !important;padding-bottom: 70px !important;background-image: url(http:\/\/demo.themewinter.com\/html\/saifway\/images\/product-bg.jpg?id=872) !important;background-position: center !important;background-repeat: no-repeat !important;background-size: cover !important;}\u00bb el_class=\u00bbproduct-area\u00bb][vc_column]<div class=\"thw-title-shortcode \" style=\"text-align:center;\"><h3 class=\"title\" style=\"font-weight:400;font-size:12px;color:#ffffff;margin:0 0 10px 0;\">Que ofrecemos<span class=\"style-sub-title\" style=\"font-weight:700;font-size:36px;color:#ffffff;margin:0 0 10px 0;\">Nuestros Productos<\/span><\/h3><\/div>[vc_empty_space height=\u00bb28px\u00bb el_class=\u00bbdown-arrow-white\u00bb]<div id=\"product-slide\" class=\"insurance-slide-shortcode\"><div class=\"insurance-slide owl-carousel owl-theme product-slide\"><div class=\"item\"><div class=\"product-item\"><a href=\"https:\/\/asebroker.com.ar\/?insurance=salud\"><img decoding=\"async\" class=\"img-responsive\" src=\"https:\/\/asebroker.com.ar\/wp-content\/uploads\/2016\/05\/young-handsome-physician-medical-robe-with-stethoscope_1303-17818.jpg\" alt=\"Salud\"><\/a><h3 class=\"product-title\"><a href=\"https:\/\/asebroker.com.ar\/?insurance=salud\">Salud<\/a><\/h3><div class=\"product-desc\">Es el complemento ideal a las coberturas tradicionales de salud, con respuesta inmediata y en efectivo.<\/div><p><a class=\"btn btn-primary link\" href=\"https:\/\/asebroker.com.ar\/?insurance=salud\">Learn More<\/a><\/p><\/div><\/div><div class=\"item\"><div class=\"product-item\"><a href=\"https:\/\/asebroker.com.ar\/?insurance=hogar-protegido\"><img decoding=\"async\" class=\"img-responsive\" src=\"https:\/\/asebroker.com.ar\/wp-content\/uploads\/2021\/11\/world-habitat-day-close-up-picture-model-house-hand-holding-paper-heart_1150-26749-1.jpg\" alt=\"Hogar protegido\"><\/a><h3 class=\"product-title\"><a href=\"https:\/\/asebroker.com.ar\/?insurance=hogar-protegido\">Hogar protegido<\/a><\/h3><div class=\"product-desc\">Hogar protegido, la mejor opci\u00f3n de un seguro a medida que contempla coberturas mas all\u00e1 de la vivienda..<\/div><p><a class=\"btn btn-primary link\" href=\"https:\/\/asebroker.com.ar\/?insurance=hogar-protegido\">Learn More<\/a><\/p><\/div><\/div><div class=\"item\"><div class=\"product-item\"><a href=\"https:\/\/asebroker.com.ar\/?insurance=auto-insurance\"><img decoding=\"async\" class=\"img-responsive\" src=\"https:\/\/asebroker.com.ar\/wp-content\/uploads\/2021\/11\/auto-insurance.jpg\" alt=\"Vehiculos\"><\/a><h3 class=\"product-title\"><a href=\"https:\/\/asebroker.com.ar\/?insurance=auto-insurance\">Vehiculos<\/a><\/h3><div class=\"product-desc\">La opci\u00f3n mas conveniente al mejor precio.<\/div><p><a class=\"btn btn-primary link\" href=\"https:\/\/asebroker.com.ar\/?insurance=auto-insurance\">Learn More<\/a><\/p><\/div><\/div><div class=\"item\"><div class=\"product-item\"><a href=\"https:\/\/asebroker.com.ar\/?insurance=bike-insurance\"><img decoding=\"async\" class=\"img-responsive\" src=\"https:\/\/asebroker.com.ar\/wp-content\/uploads\/2021\/11\/portrait-factory-worker-protective-equipment-holding-thumbs-up-production-hall_342744-145.jpg\" alt=\"Accidentes personales\"><\/a><h3 class=\"product-title\"><a href=\"https:\/\/asebroker.com.ar\/?insurance=bike-insurance\">Accidentes personales<\/a><\/h3><div class=\"product-desc\">Los seguros necesarios para que puedas sentirte cubierto y tranquilo durante tu actividad laboral. Contamos con coberturas diferenciadas acordes al tipo de trabajo que desarrolles.<\/div><p><a class=\"btn btn-primary link\" href=\"https:\/\/asebroker.com.ar\/?insurance=bike-insurance\">Learn More<\/a><\/p><\/div><\/div><\/div><\/div>[\/vc_column][\/vc_row][vc_row full_width=\u00bbstretch_row\u00bb css=\u00bb.vc_custom_1461531223847{padding-top: 70px !important;padding-bottom: 70px !important;background-color: #1bbc9b !important;}\u00bb][vc_column width=\u00bb1\/2&#8243;]<div class=\"action-shortcode \" style=\"text-align:left;\"><h3 class=\"style-title\" style=\"margin-top:0;font-weight:400;font-size:12px;line-height: normal;color:#ffffff;margin-bottom:10px;letter-spacing:1px;\">Area de exitos de nuestra empresa<\/h3><h4 class=\"style-sub-title\" style=\"margin-top:0;font-weight:700;font-size:28px;line-height: normal;color:#ffffff;margin-bottom:15px;\">La importancia de estar cubierto<\/h4><p class=\"style-intro-text\" style=\"font-size:14px;color:#ffffff;margin:0 0 15px 0;\">Hemos brindado estabilidad y confiabilidad a nuestros clientes desde 2005 para ayudarlos a vivir sus vidas con confianza, darles tranquilidad y permitirles hacer realidad sus sue\u00f1os, el de sus seres queridos y su legado.<\/p><a href=\"#\" class=\"btn btn-dark\" style=\"padding:12px 25px;color:#ffffff;\">Contactanos<\/a><\/div>[\/vc_column][vc_column width=\u00bb1\/2&#8243;][vc_row_inner][vc_column_inner width=\u00bb1\/2&#8243;]<div class=\"thw-facts-wraper \"><div class=\"thw-facts\" style=\"text-align:center;\"><div class=\"thw-facts-icon\" style=\"display: block;font-size:30px;line-height:30px;color:#ffffff;text-align:center;\"><i class=\"fa fa-umbrella\"><\/i><\/div><div class=\"thw-facts-content\"><h2 class=\"thw-facts-num counter\" style=\"font-size:32px;line-height:32px;color:#ffffff;\">9578<\/h2><h3 class=\"thw-facts-title\" style=\"margin:10px 0px 5px 0px;font-weight:600;font-size:14px;line-height:14px;color:#ffffff;\">P\u00f3lizas de seguros<\/h3><\/div><\/div><\/div><div class=\"thw-facts-wraper thw-facts-bottom\"><div class=\"thw-facts\" style=\"text-align:center;\"><div class=\"thw-facts-icon\" style=\"display: block;font-size:30px;line-height:30px;color:#ffffff;text-align:center;\"><i class=\"fa fa-smile-o\"><\/i><\/div><div class=\"thw-facts-content\"><h2 class=\"thw-facts-num counter\" style=\"font-size:32px;line-height:32px;color:#ffffff;\">10584<\/h2><h3 class=\"thw-facts-title\" style=\"margin:10px 0px 5px 0px;font-weight:600;font-size:14px;line-height:14px;color:#ffffff;\">Clientes felices<\/h3><\/div><\/div><\/div>[\/vc_column_inner][vc_column_inner width=\u00bb1\/2&#8243;]<div class=\"thw-facts-wraper thw-facts-right\"><div class=\"thw-facts\" style=\"text-align:center;\"><div class=\"thw-facts-icon\" style=\"display: block;font-size:30px;line-height:30px;color:#ffffff;text-align:center;\"><i class=\"fa fa-globe\"><\/i><\/div><div class=\"thw-facts-content\"><h2 class=\"thw-facts-num counter\" style=\"font-size:32px;line-height:32px;color:#ffffff;\">12<\/h2><h3 class=\"thw-facts-title\" style=\"margin:10px 0px 5px 0px;font-weight:600;font-size:14px;line-height:14px;color:#ffffff;\">Argentina y pa\u00edses lim\u00edtrofes<\/h3><\/div><\/div><\/div><div class=\"thw-facts-wraper thw-facts-right thw-facts-bottom\"><div class=\"thw-facts\" style=\"text-align:center;\"><div class=\"thw-facts-icon\" style=\"display: block;font-size:30px;line-height:30px;color:#ffffff;text-align:center;\"><i class=\"fa fa-user\"><\/i><\/div><div class=\"thw-facts-content\"><h2 class=\"thw-facts-num counter\" style=\"font-size:32px;line-height:32px;color:#ffffff;\">54<\/h2><h3 class=\"thw-facts-title\" style=\"margin:10px 0px 5px 0px;font-weight:600;font-size:14px;line-height:14px;color:#ffffff;\">Productores<\/h3><\/div><\/div><\/div>[\/vc_column_inner][\/vc_row_inner][\/vc_column][\/vc_row][vc_row full_width=\u00bbstretch_row\u00bb css=\u00bb.vc_custom_1600326518610{padding-top: 70px !important;padding-bottom: 70px !important;background-image: url(https:\/\/demo.themewinter.com\/wp\/saifway\/wp-content\/uploads\/2020\/09\/crossword.png?id=753) !important;}\u00bb][vc_column width=\u00bb1\/2&#8243;][vc_empty_space height=\u00bb28px\u00bb el_class=\u00bbdown-arrow-color\u00bb]<div class=\"thw-title-shortcode \" style=\"text-align:center;\"><h3 class=\"title\" style=\"font-weight:400;font-size:12px;margin:0 0 10px 0;\">Somos el banco digital m\u00e1s humano<span class=\"style-sub-title\" style=\"font-weight:700;font-size:36px;margin:0 0 80px 0;\">Banco del sol, el banco digital de Sancor Seguros<\/span><\/h3><\/div>[vc_single_image image=\u00bb913&#8243; img_size=\u00bbmedium\u00bb alignment=\u00bbcenter\u00bb onclick=\u00bbcustom_link\u00bb link=\u00bbhttps:\/\/asebroker.com.ar\/?page_id=593&#8243;][\/vc_column][vc_column width=\u00bb1\/2&#8243;][vc_single_image image=\u00bb949&#8243; img_size=\u00bbmedium\u00bb onclick=\u00bbcustom_link\u00bb link=\u00bbhttps:\/\/asebroker.com.ar\/?page_id=593&#8243;][vc_column_text]<\/p>\n<h2>Entr\u00e1 y conocenos!<\/h2>\n<p>[\/vc_column_text][\/vc_column][\/vc_row][vc_row full_width=\u00bbstretch_row\u00bb css=\u00bb.vc_custom_1600326518610{padding-top: 70px !important;padding-bottom: 70px !important;background-image: url(https:\/\/demo.themewinter.com\/wp\/saifway\/wp-content\/uploads\/2020\/09\/crossword.png?id=753) !important;}\u00bb][vc_column][vc_empty_space height=\u00bb28px\u00bb el_class=\u00bbdown-arrow-color\u00bb]<div class=\"thw-title-shortcode \" style=\"text-align:center;\"><h3 class=\"title\" style=\"font-weight:400;font-size:12px;margin:0 0 10px 0;\">Ultimas novedades<span class=\"style-sub-title\" style=\"font-weight:700;font-size:36px;margin:0 0 80px 0;\">Noticias del mundo de los seguros<\/span><\/h3><\/div><div class=\"latest-post-shortcode \"><div class=\"row\"><div class=\"col-md-4 col-sm-6\"><div class=\"latest-post\"><a href=\"https:\/\/asebroker.com.ar\/?p=959\"><img fetchpriority=\"high\" decoding=\"async\" width=\"887\" height=\"886\" src=\"https:\/\/asebroker.com.ar\/wp-content\/uploads\/2022\/03\/nuevaoficina.png\" class=\"img-responsive wp-post-image\" alt=\"\" srcset=\"https:\/\/asebroker.com.ar\/wp-content\/uploads\/2022\/03\/nuevaoficina.png 887w, https:\/\/asebroker.com.ar\/wp-content\/uploads\/2022\/03\/nuevaoficina-300x300.png 300w, https:\/\/asebroker.com.ar\/wp-content\/uploads\/2022\/03\/nuevaoficina-150x150.png 150w, https:\/\/asebroker.com.ar\/wp-content\/uploads\/2022\/03\/nuevaoficina-768x767.png 768w\" sizes=\"(max-width: 887px) 100vw, 887px\" \/><\/a><div class=\"post-body\"><h4 class=\"post-title\"><a href=\"https:\/\/asebroker.com.ar\/?p=959\">Inauguramos nuestras nuevas oficinas<\/a><\/h4><span class=\"post-item-date\"><i class=\"fa fa-clock-o\"><\/i>30 de marzo de 2022<\/span><span class=\"post-item-author\"><i class=\"fa fa-user\"><\/i><a href=\"https:\/\/asebroker.com.ar\/?author=1\" title=\"Entradas de admin\" rel=\"author\">admin<\/a><\/span><div class=\"post-text\">Estamos en Av. Avellaneda esquina Jos\u00e9 Hernandez Somos una Organizaci\u00f3n de seguros nacida en Tandil, provincia de Bs.As.Mas de 15 a\u00f1os de <\/div><\/div><a href=\"https:\/\/asebroker.com.ar\/?p=959\" class=\"btn btn-primary read-more\"> Read More<\/a><\/div><\/div><div class=\"col-md-4 col-sm-6\"><div class=\"latest-post\"><a href=\"https:\/\/asebroker.com.ar\/?p=890\"><img decoding=\"async\" width=\"880\" height=\"440\" src=\"https:\/\/asebroker.com.ar\/wp-content\/uploads\/2021\/11\/himno.png\" class=\"img-responsive wp-post-image\" alt=\"\" srcset=\"https:\/\/asebroker.com.ar\/wp-content\/uploads\/2021\/11\/himno.png 880w, https:\/\/asebroker.com.ar\/wp-content\/uploads\/2021\/11\/himno-300x150.png 300w, https:\/\/asebroker.com.ar\/wp-content\/uploads\/2021\/11\/himno-768x384.png 768w\" sizes=\"(max-width: 880px) 100vw, 880px\" \/><\/a><div class=\"post-body\"><h4 class=\"post-title\"><a href=\"https:\/\/asebroker.com.ar\/?p=890\">El Himno Nacional, en una versi\u00f3n exclusiva y m\u00e1s federal que nunca<\/a><\/h4><span class=\"post-item-date\"><i class=\"fa fa-clock-o\"><\/i>8 de noviembre de 2021<\/span><span class=\"post-item-author\"><i class=\"fa fa-user\"><\/i><a href=\"https:\/\/asebroker.com.ar\/?author=1\" title=\"Entradas de admin\" rel=\"author\">admin<\/a><\/span><div class=\"post-text\">Presentamos una versi\u00f3n audiovisual del Himno Nacional Argentino con im\u00e1genes exclusivas y totalmente federal, cantada por el reconocido artista <\/div><\/div><a href=\"https:\/\/asebroker.com.ar\/?p=890\" class=\"btn btn-primary read-more\"> Read More<\/a><\/div><\/div><div class=\"col-md-4 col-sm-6\"><div class=\"latest-post\"><a href=\"https:\/\/asebroker.com.ar\/?p=109\"><img loading=\"lazy\" decoding=\"async\" width=\"850\" height=\"567\" src=\"https:\/\/asebroker.com.ar\/wp-content\/uploads\/2016\/04\/dolfina.jpg\" class=\"img-responsive wp-post-image\" alt=\"\" srcset=\"https:\/\/asebroker.com.ar\/wp-content\/uploads\/2016\/04\/dolfina.jpg 850w, https:\/\/asebroker.com.ar\/wp-content\/uploads\/2016\/04\/dolfina-300x200.jpg 300w, https:\/\/asebroker.com.ar\/wp-content\/uploads\/2016\/04\/dolfina-768x512.jpg 768w\" sizes=\"(max-width: 850px) 100vw, 850px\" \/><\/a><div class=\"post-body\"><h4 class=\"post-title\"><a href=\"https:\/\/asebroker.com.ar\/?p=109\">Con el apoyo de SANCOR SEGUROS, La Dolfina Polo Club present\u00f3 sus nuevos equipos<\/a><\/h4><span class=\"post-item-date\"><i class=\"fa fa-clock-o\"><\/i>25 de agosto de 2021<\/span><span class=\"post-item-author\"><i class=\"fa fa-user\"><\/i><a href=\"https:\/\/asebroker.com.ar\/?author=1\" title=\"Entradas de admin\" rel=\"author\">admin<\/a><\/span><div class=\"post-text\">La Dolfina Polo Club present\u00f3 sus dos equipos de polo masculino para la Triple Corona y su equipo de polo femenino para el Abierto Argentino de <\/div><\/div><a href=\"https:\/\/asebroker.com.ar\/?p=109\" class=\"btn btn-primary read-more\"> Read More<\/a><\/div><\/div><\/div><\/div>[\/vc_column][\/vc_row][vc_row css=\u00bb.vc_custom_1469180124290{padding-top: 70px !important;padding-bottom: 20px !important;}\u00bb][vc_column]<div class=\"thw-title-shortcode \" style=\"text-align:center;\"><h2 class=\"title\" style=\"font-weight:700;font-size:12px;margin:0 0 10px 0;\">Nuestros asociados<span class=\"style-sub-title\" style=\"font-weight:700;font-size:36px;margin:0 0 70px 0;\">Empresas que nos acompa\u00f1an<\/span><\/h2><\/div>[\/vc_column][vc_column css=\u00bb.vc_custom_1463027248545{margin-top: 20px !important;}\u00bb]<div class=\"partner-shortcode \"><div id=\"partner-slide\" class=\"partner-slide owl-carousel text-center partners\"><figure class=\"item partner-logo\"><img decoding=\"async\" class=\"img-responsive\" src=\"https:\/\/asebroker.com.ar\/wp-content\/uploads\/2021\/11\/logosancorgris.jpg\" alt=\"partner\"><\/figure><figure class=\"item partner-logo\"><img decoding=\"async\" class=\"img-responsive\" src=\"https:\/\/asebroker.com.ar\/wp-content\/uploads\/2021\/11\/allianz-1.jpg\" alt=\"partner\"><\/figure><figure class=\"item partner-logo\"><img decoding=\"async\" class=\"img-responsive\" src=\"https:\/\/asebroker.com.ar\/wp-content\/uploads\/2021\/11\/logotriunfogris.jpg\" alt=\"partner\"><\/figure><figure class=\"item partner-logo\"><img decoding=\"async\" class=\"img-responsive\" src=\"https:\/\/asebroker.com.ar\/wp-content\/uploads\/2021\/11\/el-norte-gris.png\" alt=\"partner\"><\/figure><figure class=\"item partner-logo\"><img decoding=\"async\" class=\"img-responsive\" src=\"https:\/\/asebroker.com.ar\/wp-content\/uploads\/2021\/11\/sura-gris.png\" alt=\"partner\"><\/figure><figure class=\"item partner-logo\"><img decoding=\"async\" class=\"img-responsive\" src=\"https:\/\/asebroker.com.ar\/wp-content\/uploads\/2021\/11\/integrity-gris.png\" alt=\"partner\"><\/figure><\/div><\/div>[\/vc_column][vc_column][\/vc_column][vc_column][\/vc_column][\/vc_row]<\/p>\n","protected":false},"excerpt":{"rendered":"<p>[vc_row full_width=\u00bbstretch_row_content_no_spaces\u00bb css=\u00bb.vc_custom_1462599146697{background-position: center !important;background-repeat: no-repeat !important;background-size: cover !important;}\u00bb][vc_column][rev_slider_vc alias=\u00bbmain-slider\u00bb][vc_empty_space height=\u00bb28px\u00bb el_class=\u00bbdown-arrow-transparent\u00bb][\/vc_column][\/vc_row][vc_row css=\u00bb.vc_custom_1462600031100{padding-top: 20px !important;padding-bottom: 70px !important;}\u00bb][vc_column width=\u00bb2\/3&#8243; css=\u00bb.vc_custom_1462597051244{padding-right: 15px !important;}\u00bb][vc_row_inner css=\u00bb.vc_custom_1461252511689{padding-top: 40px !important;}\u00bb][vc_column_inner width=\u00bb1\/3&#8243;][\/vc_column_inner][vc_column_inner width=\u00bb1\/3&#8243;][\/vc_column_inner][vc_column_inner width=\u00bb1\/3&#8243;][\/vc_column_inner][\/vc_row_inner][\/vc_column][vc_column width=\u00bb1\/3&#8243;][\/vc_column][vc_column][\/vc_column][\/vc_row][vc_row full_width=\u00bbstretch_row_content_no_spaces\u00bb css=\u00bb.vc_custom_1462599146697{background-position: center !important;background-repeat: no-repeat !important;background-size: cover !important;}\u00bb][vc_column][rev_slider_vc alias=\u00bbedificio\u00bb][\/vc_column][\/vc_row][vc_row full_width=\u00bbstretch_row\u00bb css=\u00bb.vc_custom_1599895102121{padding-top: 70px !important;padding-bottom: 70px !important;background-image: url(http:\/\/demo.themewinter.com\/html\/saifway\/images\/product-bg.jpg?id=872) !important;background-position: center !important;background-repeat: no-repeat !important;background-size: cover !important;}\u00bb el_class=\u00bbproduct-area\u00bb][vc_column][vc_empty_space height=\u00bb28px\u00bb el_class=\u00bbdown-arrow-white\u00bb][\/vc_column][\/vc_row][vc_row full_width=\u00bbstretch_row\u00bb [&hellip;]<\/p>\n","protected":false},"author":1,"featured_media":0,"parent":0,"menu_order":0,"comment_status":"closed","ping_status":"closed","template":"","meta":{"_joinchat":[],"footnotes":""},"class_list":["post-588","page","type-page","status-publish","hentry"],"_links":{"self":[{"href":"https:\/\/asebroker.com.ar\/index.php?rest_route=\/wp\/v2\/pages\/588","targetHints":{"allow":["GET"]}}],"collection":[{"href":"https:\/\/asebroker.com.ar\/index.php?rest_route=\/wp\/v2\/pages"}],"about":[{"href":"https:\/\/asebroker.com.ar\/index.php?rest_route=\/wp\/v2\/types\/page"}],"author":[{"embeddable":true,"href":"https:\/\/asebroker.com.ar\/index.php?rest_route=\/wp\/v2\/users\/1"}],"replies":[{"embeddable":true,"href":"https:\/\/asebroker.com.ar\/index.php?rest_route=%2Fwp%2Fv2%2Fcomments&post=588"}],"version-history":[{"count":50,"href":"https:\/\/asebroker.com.ar\/index.php?rest_route=\/wp\/v2\/pages\/588\/revisions"}],"predecessor-version":[{"id":976,"href":"https:\/\/asebroker.com.ar\/index.php?rest_route=\/wp\/v2\/pages\/588\/revisions\/976"}],"wp:attachment":[{"href":"https:\/\/asebroker.com.ar\/index.php?rest_route=%2Fwp%2Fv2%2Fmedia&parent=588"}],"curies":[{"name":"wp","href":"https:\/\/api.w.org\/{rel}","templated":true}]}}